{"id":998,"date":"2021-09-14T17:48:05","date_gmt":"2021-09-21T14:43:24","guid":{"rendered":"https:\/\/www.danesi.ch\/newsite\/prodotto\/donut-aux-marrons-glaces\/"},"modified":"2021-09-21T16:43:29","modified_gmt":"2021-09-21T14:43:29","slug":"beignet-au-marron-glaces","status":"publish","type":"product","link":"https:\/\/www.danesi.ch\/fr\/prodotto\/beignet-au-marron-glaces\/","title":{"rendered":"Donut aux marrons glac\u00e9s"},"content":{"rendered":"<p><strong>Donut (avec marrons glac\u00e9s min 25%) poids net 450 gr<br \/>\n INGR\u00c9DIENTS&nbsp;:<br \/>\n farine blanche<\/strong> ,<strong> Beurre<\/strong> , marrons glac\u00e9s, sucre,<strong> jaune d&#8217;oeuf<\/strong> , miel, beurre de cacao,<strong> noisettes<\/strong> ,<strong> blanc d&#8217;oeuf<\/strong> , sel,<strong> ermelline<\/strong> , sucre cristallis\u00e9, ar\u00f4mes naturels.<\/p>\n","protected":false},"excerpt":{"rendered":"<p>Donut (avec marrons glac\u00e9s min 25%) poids net 450 gr INGR\u00c9DIENTS&nbsp;: farine blanche , Beurre , marrons glac\u00e9s, sucre, jaune d&#8217;oeuf , miel, beurre de cacao, noisettes , blanc d&#8217;oeuf , sel, ermelline , sucre cristallis\u00e9, ar\u00f4mes naturels.<\/p>\n","protected":false},"featured_media":1001,"template":"","meta":[],"product_cat":[53],"product_tag":[],"class_list":{"0":"post-998","1":"product","2":"type-product","3":"status-publish","4":"has-post-thumbnail","6":"product_cat-panettoni-fr","8":"first","9":"instock","10":"shipping-taxable","11":"purchasable","12":"product-type-variable","13":"has-default-attributes"},"_links":{"self":[{"href":"https:\/\/www.danesi.ch\/fr\/wp-json\/wp\/v2\/product\/998","targetHints":{"allow":["GET"]}}],"collection":[{"href":"https:\/\/www.danesi.ch\/fr\/wp-json\/wp\/v2\/product"}],"about":[{"href":"https:\/\/www.danesi.ch\/fr\/wp-json\/wp\/v2\/types\/product"}],"wp:featuredmedia":[{"embeddable":true,"href":"https:\/\/www.danesi.ch\/fr\/wp-json\/wp\/v2\/media\/1001"}],"wp:attachment":[{"href":"https:\/\/www.danesi.ch\/fr\/wp-json\/wp\/v2\/media?parent=998"}],"wp:term":[{"taxonomy":"product_cat","embeddable":true,"href":"https:\/\/www.danesi.ch\/fr\/wp-json\/wp\/v2\/product_cat?post=998"},{"taxonomy":"product_tag","embeddable":true,"href":"https:\/\/www.danesi.ch\/fr\/wp-json\/wp\/v2\/product_tag?post=998"}],"curies":[{"name":"wp","href":"https:\/\/api.w.org\/{rel}","templated":true}]}}