{"id":996,"date":"2021-09-14T17:48:05","date_gmt":"2021-09-21T14:43:23","guid":{"rendered":"https:\/\/www.danesi.ch\/newsite\/prodotto\/panettone-local\/"},"modified":"2021-09-21T16:43:32","modified_gmt":"2021-09-21T14:43:32","slug":"panettone-nostrano","status":"publish","type":"product","link":"https:\/\/www.danesi.ch\/fr\/prodotto\/panettone-nostrano\/","title":{"rendered":"Panettone local"},"content":{"rendered":"<p><strong>INGR\u00c9DIENTS&nbsp;:<br \/>\n FARINE DE BL\u00c9, BEURRE<\/strong> , du sucre,<strong> JAUNE, LEVURE NATURELLE<\/strong> , raisins secs (sultanes 99,5%, huile de coton), eau, figues s\u00e8ches<strong> ,NOISETTES,<\/strong> orange (\u00e9corce d&#8217;orange, sirop de glucose, fructose),<strong> AMANDES<\/strong> , c\u00e8dre (c\u00e8dre, sirop de glucose, fructose, jus de citron concentr\u00e9), miel, beurre de cacao, sel, ar\u00f4mes naturels<\/p>\n","protected":false},"excerpt":{"rendered":"<p>INGR\u00c9DIENTS&nbsp;: FARINE DE BL\u00c9, BEURRE , du sucre, JAUNE, LEVURE NATURELLE , raisins secs (sultanes 99,5%, huile de coton), eau, figues s\u00e8ches ,NOISETTES, orange (\u00e9corce d&#8217;orange, sirop de glucose, fructose), AMANDES , c\u00e8dre (c\u00e8dre, sirop de glucose, fructose, jus de citron concentr\u00e9), miel, beurre de cacao, sel, ar\u00f4mes naturels<\/p>\n","protected":false},"featured_media":999,"template":"","meta":[],"product_cat":[53],"product_tag":[],"class_list":{"0":"post-996","1":"product","2":"type-product","3":"status-publish","4":"has-post-thumbnail","6":"product_cat-panettoni-fr","8":"first","9":"instock","10":"shipping-taxable","11":"purchasable","12":"product-type-variable"},"_links":{"self":[{"href":"https:\/\/www.danesi.ch\/fr\/wp-json\/wp\/v2\/product\/996","targetHints":{"allow":["GET"]}}],"collection":[{"href":"https:\/\/www.danesi.ch\/fr\/wp-json\/wp\/v2\/product"}],"about":[{"href":"https:\/\/www.danesi.ch\/fr\/wp-json\/wp\/v2\/types\/product"}],"wp:featuredmedia":[{"embeddable":true,"href":"https:\/\/www.danesi.ch\/fr\/wp-json\/wp\/v2\/media\/999"}],"wp:attachment":[{"href":"https:\/\/www.danesi.ch\/fr\/wp-json\/wp\/v2\/media?parent=996"}],"wp:term":[{"taxonomy":"product_cat","embeddable":true,"href":"https:\/\/www.danesi.ch\/fr\/wp-json\/wp\/v2\/product_cat?post=996"},{"taxonomy":"product_tag","embeddable":true,"href":"https:\/\/www.danesi.ch\/fr\/wp-json\/wp\/v2\/product_tag?post=996"}],"curies":[{"name":"wp","href":"https:\/\/api.w.org\/{rel}","templated":true}]}}