{"id":978,"date":"2021-09-14T17:48:07","date_gmt":"2021-09-21T14:43:19","guid":{"rendered":"https:\/\/www.danesi.ch\/newsite\/prodotto\/des-chocolats\/"},"modified":"2021-09-21T16:43:19","modified_gmt":"2021-09-21T14:43:19","slug":"des-chocolats","status":"publish","type":"product","link":"https:\/\/www.danesi.ch\/fr\/prodotto\/des-chocolats\/","title":{"rendered":"des chocolats"},"content":{"rendered":"<p>ingr\u00e9dients : CHOCOLAT<strong>:<\/strong> sucre, p\u00e2te de cacao, beurre de cacao, <strong>LAIT ENTIER ET \u00c9CR\u00c9M\u00c9 EN POUDRE, MALT D&#8217;ORGE, \u00e9mulsifiant l\u00e9cithine de soja.<\/strong> vanille naturelle<strong>,<\/strong> FARCI<strong>: CR\u00c8ME, BEURRE,<\/strong> sucre inverti, glucose, sorbitol (E 420)<strong>, AMANDES, NOISETTES,<\/strong> du sucre<strong>, JAUNE D&#8217;OEUF,<\/strong> pulpes de fruits, th\u00e9 Earl Grey, caf\u00e9 lyophilis\u00e9, kirsh, grand marnier, cointreau, cognac, miel,<strong> VERMICELLES NOIRES ET LAIT, MASSEPAIN, sel <\/strong><\/p>\n","protected":false},"excerpt":{"rendered":"<p>ingr\u00e9dients : CHOCOLAT: sucre, p\u00e2te de cacao, beurre de cacao, LAIT ENTIER ET \u00c9CR\u00c9M\u00c9 EN POUDRE, MALT D&#8217;ORGE, \u00e9mulsifiant l\u00e9cithine de soja. vanille naturelle, FARCI: CR\u00c8ME, BEURRE, sucre inverti, glucose, sorbitol (E 420), AMANDES, NOISETTES, du sucre, JAUNE D&#8217;OEUF, pulpes de fruits, th\u00e9 Earl Grey, caf\u00e9 lyophilis\u00e9, kirsh, grand marnier, cointreau, cognac, miel, VERMICELLES NOIRES [&hellip;]<\/p>\n","protected":false},"featured_media":980,"template":"","meta":[],"product_cat":[51],"product_tag":[],"class_list":{"0":"post-978","1":"product","2":"type-product","3":"status-publish","4":"has-post-thumbnail","6":"product_cat-confiserie","8":"first","9":"instock","10":"shipping-taxable","11":"purchasable","12":"product-type-variable"},"_links":{"self":[{"href":"https:\/\/www.danesi.ch\/fr\/wp-json\/wp\/v2\/product\/978","targetHints":{"allow":["GET"]}}],"collection":[{"href":"https:\/\/www.danesi.ch\/fr\/wp-json\/wp\/v2\/product"}],"about":[{"href":"https:\/\/www.danesi.ch\/fr\/wp-json\/wp\/v2\/types\/product"}],"wp:featuredmedia":[{"embeddable":true,"href":"https:\/\/www.danesi.ch\/fr\/wp-json\/wp\/v2\/media\/980"}],"wp:attachment":[{"href":"https:\/\/www.danesi.ch\/fr\/wp-json\/wp\/v2\/media?parent=978"}],"wp:term":[{"taxonomy":"product_cat","embeddable":true,"href":"https:\/\/www.danesi.ch\/fr\/wp-json\/wp\/v2\/product_cat?post=978"},{"taxonomy":"product_tag","embeddable":true,"href":"https:\/\/www.danesi.ch\/fr\/wp-json\/wp\/v2\/product_tag?post=978"}],"curies":[{"name":"wp","href":"https:\/\/api.w.org\/{rel}","templated":true}]}}