{"id":966,"date":"2021-09-14T17:48:07","date_gmt":"2021-09-21T14:41:57","guid":{"rendered":"https:\/\/www.danesi.ch\/newsite\/prodotto\/amaretti-amaro-generoso\/"},"modified":"2021-09-21T16:42:49","modified_gmt":"2021-09-21T14:42:49","slug":"amaretti-amaro-genereux","status":"publish","type":"product","link":"https:\/\/www.danesi.ch\/fr\/prodotto\/amaretti-amaro-genereux\/","title":{"rendered":"Amaretti Amaro Generoso"},"content":{"rendered":"<p><strong>INGR\u00c9DIENTS:<\/strong><br \/>\ndu sucre,<strong> amandes<\/strong> ,<strong> blanc d&#8217;oeuf<\/strong> , sorbitol&lt; E420&gt; , amandes am\u00e8res. GANACHE:<strong> cr\u00e8me<\/strong> , enrobage (sucre, p\u00e2te de cacao, beurre de cacao,<strong> le lait \u00e9cr\u00e9m\u00e9 en poudre<\/strong> , malt d&#8217;orge soja lecticine, vanille naturelle) amertume g\u00e9n\u00e9reuse (min 9%), sucre inverti,<strong> Beurre<\/strong>&lt; produit artisanal&gt;<\/p>\n","protected":false},"excerpt":{"rendered":"<p>INGR\u00c9DIENTS: du sucre, amandes , blanc d&#8217;oeuf , sorbitol&lt; E420&gt; , amandes am\u00e8res. GANACHE: cr\u00e8me , enrobage (sucre, p\u00e2te de cacao, beurre de cacao, le lait \u00e9cr\u00e9m\u00e9 en poudre , malt d&#8217;orge soja lecticine, vanille naturelle) amertume g\u00e9n\u00e9reuse (min 9%), sucre inverti, Beurre&lt; produit artisanal&gt;<\/p>\n","protected":false},"featured_media":967,"template":"","meta":[],"product_cat":[51,59],"product_tag":[],"class_list":{"0":"post-966","1":"product","2":"type-product","3":"status-publish","4":"has-post-thumbnail","6":"product_cat-confiserie","7":"product_cat-specialites","9":"first","10":"instock","11":"shipping-taxable","12":"purchasable","13":"product-type-variable"},"_links":{"self":[{"href":"https:\/\/www.danesi.ch\/fr\/wp-json\/wp\/v2\/product\/966","targetHints":{"allow":["GET"]}}],"collection":[{"href":"https:\/\/www.danesi.ch\/fr\/wp-json\/wp\/v2\/product"}],"about":[{"href":"https:\/\/www.danesi.ch\/fr\/wp-json\/wp\/v2\/types\/product"}],"wp:featuredmedia":[{"embeddable":true,"href":"https:\/\/www.danesi.ch\/fr\/wp-json\/wp\/v2\/media\/967"}],"wp:attachment":[{"href":"https:\/\/www.danesi.ch\/fr\/wp-json\/wp\/v2\/media?parent=966"}],"wp:term":[{"taxonomy":"product_cat","embeddable":true,"href":"https:\/\/www.danesi.ch\/fr\/wp-json\/wp\/v2\/product_cat?post=966"},{"taxonomy":"product_tag","embeddable":true,"href":"https:\/\/www.danesi.ch\/fr\/wp-json\/wp\/v2\/product_tag?post=966"}],"curies":[{"name":"wp","href":"https:\/\/api.w.org\/{rel}","templated":true}]}}