{"id":1028,"date":"2021-09-14T17:48:05","date_gmt":"2021-09-21T14:43:34","guid":{"rendered":"https:\/\/www.danesi.ch\/newsite\/prodotto\/amaretti-monte-generoso\/"},"modified":"2021-09-21T16:43:37","modified_gmt":"2021-09-21T14:43:37","slug":"amaretti-monte-generoso","status":"publish","type":"product","link":"https:\/\/www.danesi.ch\/fr\/prodotto\/amaretti-monte-generoso\/","title":{"rendered":"Amaretti Monte Generoso"},"content":{"rendered":"<p><strong>INGR\u00c9DIENTS:<\/strong><br \/>\ndu sucre,<strong> amandes<\/strong> ,<strong> blanc d&#8217;oeuf<\/strong> , sorbitol&lt; E420&gt; , amandes am\u00e8res. GANACHE:<strong> cr\u00e8me<\/strong> , enrobage (sucre, p\u00e2te de cacao, beurre de cacao,<strong> le lait \u00e9cr\u00e9m\u00e9 en poudre<\/strong> , malt d&#8217;orge soja lecticine, vanille naturelle) eau de vie de raisin am\u00e9ricaine (min 9%), sucre inverti,<strong> Beurre<\/strong>&lt; produit artisanal&gt;<\/p>\n","protected":false},"excerpt":{"rendered":"<p>INGR\u00c9DIENTS: du sucre, amandes , blanc d&#8217;oeuf , sorbitol&lt; E420&gt; , amandes am\u00e8res. GANACHE: cr\u00e8me , enrobage (sucre, p\u00e2te de cacao, beurre de cacao, le lait \u00e9cr\u00e9m\u00e9 en poudre , malt d&#8217;orge soja lecticine, vanille naturelle) eau de vie de raisin am\u00e9ricaine (min 9%), sucre inverti, Beurre&lt; produit artisanal&gt;<\/p>\n","protected":false},"featured_media":1029,"template":"","meta":[],"product_cat":[55],"product_tag":[],"class_list":{"0":"post-1028","1":"product","2":"type-product","3":"status-publish","4":"has-post-thumbnail","6":"product_cat-patisserie","8":"first","9":"instock","10":"shipping-taxable","11":"purchasable","12":"product-type-variable"},"_links":{"self":[{"href":"https:\/\/www.danesi.ch\/fr\/wp-json\/wp\/v2\/product\/1028","targetHints":{"allow":["GET"]}}],"collection":[{"href":"https:\/\/www.danesi.ch\/fr\/wp-json\/wp\/v2\/product"}],"about":[{"href":"https:\/\/www.danesi.ch\/fr\/wp-json\/wp\/v2\/types\/product"}],"wp:featuredmedia":[{"embeddable":true,"href":"https:\/\/www.danesi.ch\/fr\/wp-json\/wp\/v2\/media\/1029"}],"wp:attachment":[{"href":"https:\/\/www.danesi.ch\/fr\/wp-json\/wp\/v2\/media?parent=1028"}],"wp:term":[{"taxonomy":"product_cat","embeddable":true,"href":"https:\/\/www.danesi.ch\/fr\/wp-json\/wp\/v2\/product_cat?post=1028"},{"taxonomy":"product_tag","embeddable":true,"href":"https:\/\/www.danesi.ch\/fr\/wp-json\/wp\/v2\/product_tag?post=1028"}],"curies":[{"name":"wp","href":"https:\/\/api.w.org\/{rel}","templated":true}]}}