{"id":1009,"date":"2021-09-14T17:48:05","date_gmt":"2021-09-21T14:43:27","guid":{"rendered":"https:\/\/www.danesi.ch\/newsite\/prodotto\/panettone\/"},"modified":"2021-09-21T16:43:32","modified_gmt":"2021-09-21T14:43:32","slug":"panettone","status":"publish","type":"product","link":"https:\/\/www.danesi.ch\/fr\/prodotto\/panettone\/","title":{"rendered":"Panettone"},"content":{"rendered":"<p><strong>INGR\u00c9DIENTS&nbsp;: FARINE DE BL\u00c9, BEURRE<\/strong> , du sucre,<strong> JAUNE D&#8217;OEUF,<\/strong> raisins sultatine (sultanes 99,5%, huile de coton),<strong> LEVURE NATURELLE<\/strong> , eau, arancini (\u00e9corce d&#8217;orange, sirop de glucose, fructose), c\u00e8dre (c\u00e8dre, sirop de glucose, fructose, jus de citron concentr\u00e9), miel, beurre de cacao, sel, ar\u00f4mes naturels.<\/p>\n","protected":false},"excerpt":{"rendered":"<p>INGR\u00c9DIENTS&nbsp;: FARINE DE BL\u00c9, BEURRE , du sucre, JAUNE D&#8217;OEUF, raisins sultatine (sultanes 99,5%, huile de coton), LEVURE NATURELLE , eau, arancini (\u00e9corce d&#8217;orange, sirop de glucose, fructose), c\u00e8dre (c\u00e8dre, sirop de glucose, fructose, jus de citron concentr\u00e9), miel, beurre de cacao, sel, ar\u00f4mes naturels.<\/p>\n","protected":false},"featured_media":1011,"template":"","meta":[],"product_cat":[53],"product_tag":[],"class_list":{"0":"post-1009","1":"product","2":"type-product","3":"status-publish","4":"has-post-thumbnail","6":"product_cat-panettoni-fr","8":"first","9":"instock","10":"shipping-taxable","11":"purchasable","12":"product-type-variable"},"_links":{"self":[{"href":"https:\/\/www.danesi.ch\/fr\/wp-json\/wp\/v2\/product\/1009","targetHints":{"allow":["GET"]}}],"collection":[{"href":"https:\/\/www.danesi.ch\/fr\/wp-json\/wp\/v2\/product"}],"about":[{"href":"https:\/\/www.danesi.ch\/fr\/wp-json\/wp\/v2\/types\/product"}],"wp:featuredmedia":[{"embeddable":true,"href":"https:\/\/www.danesi.ch\/fr\/wp-json\/wp\/v2\/media\/1011"}],"wp:attachment":[{"href":"https:\/\/www.danesi.ch\/fr\/wp-json\/wp\/v2\/media?parent=1009"}],"wp:term":[{"taxonomy":"product_cat","embeddable":true,"href":"https:\/\/www.danesi.ch\/fr\/wp-json\/wp\/v2\/product_cat?post=1009"},{"taxonomy":"product_tag","embeddable":true,"href":"https:\/\/www.danesi.ch\/fr\/wp-json\/wp\/v2\/product_tag?post=1009"}],"curies":[{"name":"wp","href":"https:\/\/api.w.org\/{rel}","templated":true}]}}