{"id":991,"date":"2021-09-14T17:48:07","date_gmt":"2021-09-21T14:43:22","guid":{"rendered":"https:\/\/www.danesi.ch\/newsite\/prodotto\/aurora\/"},"modified":"2021-09-21T16:43:34","modified_gmt":"2021-09-21T14:43:34","slug":"polarlicht","status":"publish","type":"product","link":"https:\/\/www.danesi.ch\/de\/prodotto\/polarlicht\/","title":{"rendered":"Aurora"},"content":{"rendered":"<p><strong>Zutaten: WEIZENMEHL, BUTTER,<\/strong> Zucker<strong> ,<\/strong> Aprikosenmarmelade MIN. 16% (Zucker, 17% Aprikosen, Glukosesirup,<strong> Traubenzucker,<\/strong> Aprikosenkonzentrat 4%, Pektin E 415, Zitronens\u00e4ure E 333, E 450, Konservierungsmittel E 2029)<strong> , NAT\u00dcRLICHE HEFE, Eidotter,<\/strong> Wasser, Honig<strong> ,<\/strong> Kakaobutter, Salz, nat\u00fcrliche Aromen.<\/p>\n","protected":false},"excerpt":{"rendered":"<p>Zutaten: WEIZENMEHL, BUTTER, Zucker , Aprikosenmarmelade MIN. 16% (Zucker, 17% Aprikosen, Glukosesirup, Traubenzucker, Aprikosenkonzentrat 4%, Pektin E 415, Zitronens\u00e4ure E 333, E 450, Konservierungsmittel E 2029) , NAT\u00dcRLICHE HEFE, Eidotter, Wasser, Honig , Kakaobutter, Salz, nat\u00fcrliche Aromen.<\/p>\n","protected":false},"featured_media":994,"template":"","meta":[],"product_cat":[54,60],"product_tag":[],"class_list":{"0":"post-991","1":"product","2":"type-product","3":"status-publish","4":"has-post-thumbnail","6":"product_cat-panettoni-de","7":"product_cat-spezialitaten","9":"first","10":"instock","11":"shipping-taxable","12":"purchasable","13":"product-type-variable"},"_links":{"self":[{"href":"https:\/\/www.danesi.ch\/de\/wp-json\/wp\/v2\/product\/991","targetHints":{"allow":["GET"]}}],"collection":[{"href":"https:\/\/www.danesi.ch\/de\/wp-json\/wp\/v2\/product"}],"about":[{"href":"https:\/\/www.danesi.ch\/de\/wp-json\/wp\/v2\/types\/product"}],"wp:featuredmedia":[{"embeddable":true,"href":"https:\/\/www.danesi.ch\/de\/wp-json\/wp\/v2\/media\/994"}],"wp:attachment":[{"href":"https:\/\/www.danesi.ch\/de\/wp-json\/wp\/v2\/media?parent=991"}],"wp:term":[{"taxonomy":"product_cat","embeddable":true,"href":"https:\/\/www.danesi.ch\/de\/wp-json\/wp\/v2\/product_cat?post=991"},{"taxonomy":"product_tag","embeddable":true,"href":"https:\/\/www.danesi.ch\/de\/wp-json\/wp\/v2\/product_tag?post=991"}],"curies":[{"name":"wp","href":"https:\/\/api.w.org\/{rel}","templated":true}]}}