{"id":1033,"date":"2021-09-14T17:48:07","date_gmt":"2021-09-21T14:43:38","guid":{"rendered":"https:\/\/www.danesi.ch\/newsite\/prodotto\/amaretti-amaro-generoso\/"},"modified":"2021-09-21T16:43:41","modified_gmt":"2021-09-21T14:43:41","slug":"amaretti-amaro-groszugig","status":"publish","type":"product","link":"https:\/\/www.danesi.ch\/de\/prodotto\/amaretti-amaro-groszugig\/","title":{"rendered":"Amaretti Amaro Generoso"},"content":{"rendered":"<p><strong>ZUTATEN:<\/strong><br \/>\nZucker,<strong> Mandeln<\/strong> ,<strong> Eiwei\u00df<\/strong> , Sorbitol&lt; E420&gt; , Bittere Mandeln. GANACHE:<strong> Creme<\/strong> , \u00dcberzug (Zucker, Kakaomasse, Kakaobutter,<strong> Magermilchpulver<\/strong> , Gerstenmalz Sojalecticin, nat\u00fcrliche Vanille) gro\u00dfz\u00fcgige Bitterkeit (min 9%), Invertzucker,<strong> Butter<\/strong>&lt; handgefertigtes Produkt&gt;<\/p>\n","protected":false},"excerpt":{"rendered":"<p>ZUTATEN: Zucker, Mandeln , Eiwei\u00df , Sorbitol&lt; E420&gt; , Bittere Mandeln. GANACHE: Creme , \u00dcberzug (Zucker, Kakaomasse, Kakaobutter, Magermilchpulver , Gerstenmalz Sojalecticin, nat\u00fcrliche Vanille) gro\u00dfz\u00fcgige Bitterkeit (min 9%), Invertzucker, Butter&lt; handgefertigtes Produkt&gt;<\/p>\n","protected":false},"featured_media":1035,"template":"","meta":[],"product_cat":[60,52],"product_tag":[],"class_list":{"0":"post-1033","1":"product","2":"type-product","3":"status-publish","4":"has-post-thumbnail","6":"product_cat-spezialitaten","7":"product_cat-suswaren","9":"first","10":"instock","11":"shipping-taxable","12":"purchasable","13":"product-type-variable"},"_links":{"self":[{"href":"https:\/\/www.danesi.ch\/de\/wp-json\/wp\/v2\/product\/1033","targetHints":{"allow":["GET"]}}],"collection":[{"href":"https:\/\/www.danesi.ch\/de\/wp-json\/wp\/v2\/product"}],"about":[{"href":"https:\/\/www.danesi.ch\/de\/wp-json\/wp\/v2\/types\/product"}],"wp:featuredmedia":[{"embeddable":true,"href":"https:\/\/www.danesi.ch\/de\/wp-json\/wp\/v2\/media\/1035"}],"wp:attachment":[{"href":"https:\/\/www.danesi.ch\/de\/wp-json\/wp\/v2\/media?parent=1033"}],"wp:term":[{"taxonomy":"product_cat","embeddable":true,"href":"https:\/\/www.danesi.ch\/de\/wp-json\/wp\/v2\/product_cat?post=1033"},{"taxonomy":"product_tag","embeddable":true,"href":"https:\/\/www.danesi.ch\/de\/wp-json\/wp\/v2\/product_tag?post=1033"}],"curies":[{"name":"wp","href":"https:\/\/api.w.org\/{rel}","templated":true}]}}