{"id":1020,"date":"2021-09-14T17:48:05","date_gmt":"2021-09-21T14:43:30","guid":{"rendered":"https:\/\/www.danesi.ch\/newsite\/prodotto\/donut-mit-maronenglasuren\/"},"modified":"2021-09-21T16:43:43","modified_gmt":"2021-09-21T14:43:43","slug":"donut-mit-maronen-glasuren","status":"publish","type":"product","link":"https:\/\/www.danesi.ch\/de\/prodotto\/donut-mit-maronen-glasuren\/","title":{"rendered":"Donut mit Maronenglasuren"},"content":{"rendered":"<p><strong>Donut (mit Maronenglasuren min 25%) Nettogewicht 450 gr<br \/>\n ZUTATEN:<br \/>\n Wei\u00dfes Mehl<\/strong> ,<strong> Butter<\/strong> , Maronenglasuren, Zucker,<strong> Eigelb<\/strong> , Honig, Kakaobutter,<strong> Haseln\u00fcsse<\/strong> ,<strong> Eiwei\u00df<\/strong> , Salz,<strong> Ermelline<\/strong> , Kristallzucker, nat\u00fcrliche Aromen.<\/p>\n","protected":false},"excerpt":{"rendered":"<p>Donut (mit Maronenglasuren min 25%) Nettogewicht 450 gr ZUTATEN: Wei\u00dfes Mehl , Butter , Maronenglasuren, Zucker, Eigelb , Honig, Kakaobutter, Haseln\u00fcsse , Eiwei\u00df , Salz, Ermelline , Kristallzucker, nat\u00fcrliche Aromen.<\/p>\n","protected":false},"featured_media":1010,"template":"","meta":[],"product_cat":[54],"product_tag":[],"class_list":{"0":"post-1020","1":"product","2":"type-product","3":"status-publish","4":"has-post-thumbnail","6":"product_cat-panettoni-de","8":"first","9":"instock","10":"shipping-taxable","11":"purchasable","12":"product-type-variable","13":"has-default-attributes"},"_links":{"self":[{"href":"https:\/\/www.danesi.ch\/de\/wp-json\/wp\/v2\/product\/1020","targetHints":{"allow":["GET"]}}],"collection":[{"href":"https:\/\/www.danesi.ch\/de\/wp-json\/wp\/v2\/product"}],"about":[{"href":"https:\/\/www.danesi.ch\/de\/wp-json\/wp\/v2\/types\/product"}],"wp:featuredmedia":[{"embeddable":true,"href":"https:\/\/www.danesi.ch\/de\/wp-json\/wp\/v2\/media\/1010"}],"wp:attachment":[{"href":"https:\/\/www.danesi.ch\/de\/wp-json\/wp\/v2\/media?parent=1020"}],"wp:term":[{"taxonomy":"product_cat","embeddable":true,"href":"https:\/\/www.danesi.ch\/de\/wp-json\/wp\/v2\/product_cat?post=1020"},{"taxonomy":"product_tag","embeddable":true,"href":"https:\/\/www.danesi.ch\/de\/wp-json\/wp\/v2\/product_tag?post=1020"}],"curies":[{"name":"wp","href":"https:\/\/api.w.org\/{rel}","templated":true}]}}