{"id":1004,"date":"2021-09-14T17:48:05","date_gmt":"2021-09-21T14:43:25","guid":{"rendered":"https:\/\/www.danesi.ch\/newsite\/prodotto\/panettone-mit-schokolade-und-orangenschale\/"},"modified":"2021-09-21T16:43:28","modified_gmt":"2021-09-21T14:43:28","slug":"panettone-schokolade-und-orangenschale","status":"publish","type":"product","link":"https:\/\/www.danesi.ch\/de\/prodotto\/panettone-schokolade-und-orangenschale\/","title":{"rendered":"Panettone mit Schokolade und Orangenschale"},"content":{"rendered":"<p><strong>ZUTATEN:<\/strong><br \/>\ning. Wei\u00dfes Mehl,<strong> Butter<\/strong> , Zucker,<strong> Eigelb<\/strong> , Schokodrops, Orangenschale, Naturhefe, Honig, Kakaobutter, Salz, nat\u00fcrliche Aromen,<strong> Haseln\u00fcsse<\/strong> ,<strong> Eiwei\u00df<\/strong> ,<strong> Bittere Mandeln<\/strong> , Kakao, St\u00e4rke.<\/p>\n","protected":false},"excerpt":{"rendered":"<p>ZUTATEN: ing. Wei\u00dfes Mehl, Butter , Zucker, Eigelb , Schokodrops, Orangenschale, Naturhefe, Honig, Kakaobutter, Salz, nat\u00fcrliche Aromen, Haseln\u00fcsse , Eiwei\u00df , Bittere Mandeln , Kakao, St\u00e4rke.<\/p>\n","protected":false},"featured_media":1005,"template":"","meta":[],"product_cat":[54],"product_tag":[],"class_list":{"0":"post-1004","1":"product","2":"type-product","3":"status-publish","4":"has-post-thumbnail","6":"product_cat-panettoni-de","8":"first","9":"instock","10":"shipping-taxable","11":"purchasable","12":"product-type-variable"},"_links":{"self":[{"href":"https:\/\/www.danesi.ch\/de\/wp-json\/wp\/v2\/product\/1004","targetHints":{"allow":["GET"]}}],"collection":[{"href":"https:\/\/www.danesi.ch\/de\/wp-json\/wp\/v2\/product"}],"about":[{"href":"https:\/\/www.danesi.ch\/de\/wp-json\/wp\/v2\/types\/product"}],"wp:featuredmedia":[{"embeddable":true,"href":"https:\/\/www.danesi.ch\/de\/wp-json\/wp\/v2\/media\/1005"}],"wp:attachment":[{"href":"https:\/\/www.danesi.ch\/de\/wp-json\/wp\/v2\/media?parent=1004"}],"wp:term":[{"taxonomy":"product_cat","embeddable":true,"href":"https:\/\/www.danesi.ch\/de\/wp-json\/wp\/v2\/product_cat?post=1004"},{"taxonomy":"product_tag","embeddable":true,"href":"https:\/\/www.danesi.ch\/de\/wp-json\/wp\/v2\/product_tag?post=1004"}],"curies":[{"name":"wp","href":"https:\/\/api.w.org\/{rel}","templated":true}]}}